{"id":234191,"date":"2025-06-02T08:32:02","date_gmt":"2025-06-02T08:32:02","guid":{"rendered":"https:\/\/probing.introsys.eu\/politica-de-cookies\/"},"modified":"2025-06-02T09:55:54","modified_gmt":"2025-06-02T09:55:54","slug":"politica-de-cookies","status":"publish","type":"page","link":"https:\/\/probing.introsys.eu\/en\/politica-de-cookies\/","title":{"rendered":"Cookies Policy"},"content":{"rendered":"<p>[et_pb_section fb_built=&#8221;1&#8243; _builder_version=&#8221;4.16&#8243; _module_preset=&#8221;default&#8221; global_colors_info=&#8221;{}&#8221;][et_pb_row _builder_version=&#8221;4.16&#8243; _module_preset=&#8221;default&#8221; global_colors_info=&#8221;{}&#8221;][et_pb_column type=&#8221;4_4&#8243; _builder_version=&#8221;4.16&#8243; _module_preset=&#8221;default&#8221; global_colors_info=&#8221;{}&#8221;][et_pb_text _builder_version=&#8221;4.27.0&#8243; _module_preset=&#8221;default&#8221; global_colors_info=&#8221;{}&#8221;]<\/p>\n<h1>Cookies Policy<\/h1>\n<p>&nbsp;<\/p>\n<p>This Cookie Policy was last updated in June 2025 and applies to the website <a href=\"https:\/\/probing.introsys.eu\/en\/\">probing.introsys.eu<\/a>, hereinafter referred to as \u201cthe site\u201d, which uses cookies and other related technologies (for convenience all technologies are referred to as \u201ccookies\u201d), inserted by third parties that we contract.<\/p>\n<p>In the following points we inform you about the use of cookies on our website.<\/p>\n<p><strong>Information on the concepts covered in the Cookie Policy<\/strong><br \/>Cookies: is a small, simple file that is sent along with pages of this website and stored by your browser on the hard disk of your computer or other device. The information stored may be sent back to our servers or to the servers of the relevant third parties during a subsequent visit.<\/p>\n<p>Scripts: is a piece of program code used to make our website work properly and interactively. This code is executed on our server or on your device.<\/p>\n<p>Web beacon (pixel tag): a small invisible text or image on a website that is used to monitor traffic on a website. To do this, various data about you is stored using web beacons.<\/p>\n<p><strong>Types of Cookies<\/strong><br \/>Necessary Cookies (technical or functional): ensure that certain parts of the website work correctly and that your user preferences remain known. By inserting functional cookies, we make it easier for you to visit our website. This way, you don&#8217;t have to repeatedly enter the same information when visiting our website. We may place these cookies without your consent.<\/p>\n<p>Analytical cookies: these are used to optimize the website experience by obtaining information about the use of our website. We ask your permission to place this type of cookie.<\/p>\n<p>Preference and marketing cookies: these are cookies or any other form of local storage, used to create user profiles to display advertising or to track the user on this site or on various sites for similar marketing purposes. We ask for your permission to place these types of cookies.<\/p>\n<p><strong>Social network<\/strong><br \/>We may include content from Facebook, Instagram and\/or WhatsApp on the website to promote web pages (e.g. \u201clike\u201d, \u2018pin\u2019) or share (e.g. \u201ctweet\u201d) on social networks such as Facebook, Instagram and WhatsApp. This content is embedded with code derived from Facebook, Instagram and WhatsApp and places cookies. This content may store and process certain information for personalized advertising.<\/p>\n<p>Please read the privacy statement of these social networks (which may change regularly) to find out what they do with your (personal) data that they process using these cookies. The data retrieved is anonymized as much as possible. Facebook, Instagram and WhatsApp are located in the United States.<\/p>\n<p><strong>Consent<\/strong><br \/>When you visit our site for the first time, we will show you a window to authorize the type of cookies we use on the site. Once you click on \u201cSave preferences\u201d, you authorize us to use the categories of cookies and plugins selected in the window, as described in this Cookie Policy. You can disable the use of cookies through your browser, but please note that our website may not function properly.<\/p>\n<p><strong>Privacy policy and protection of your personal data<\/strong><br \/>See our <a href=\"https:\/\/probing.introsys.eu\/en\/politica-de-privacidade\/\">privacy policy<\/a> on the website<\/p>\n<p>&nbsp;<\/p>\n<p><strong>Contact details<\/strong><br \/>For questions and\/or comments about our Cookie Policy and this statement, please contact us using the following contact details:<\/p>\n<p><strong>Name:<\/strong><span>\u00a0<\/span>INTROSYS \u2013 Integration for Robotic Systems \u2013 Integra\u00e7\u00e3o de Sistemas Rob\u00f3ticos, S.A.<\/p>\n<p><strong>Address:<span>\u00a0<\/span><\/strong>Zona Industrial Vila Am\u00e9lia, Estrada dos 4 Castelos, Lote 67<\/p>\n<p><strong>Zip code and Location:<\/strong><span>\u00a0<\/span>2950-805 Quinta do Anjo \u2013 Portugal<\/p>\n<p><strong>Tax Number:<\/strong><span>\u00a0<\/span>PT 506 358 208<\/p>\n<p><strong>Email:<\/strong><span>\u00a0<\/span><a href=\"mailto:dpo@introsys.eu\" target=\"_blank\" rel=\"noreferrer noopener\">dpo@introsys.eu\u00a0<\/a><\/p>\n<p><strong>Contact:<\/strong><span>\u00a0<\/span>(+351) 212 951 499<\/p>\n<p>[\/et_pb_text][\/et_pb_column][\/et_pb_row][\/et_pb_section]<\/p>\n","protected":false},"excerpt":{"rendered":"<p>Cookies Policy &nbsp; This Cookie Policy was last updated in June 2025 and applies to the website probing.introsys.eu, hereinafter referred to as \u201cthe site\u201d, which uses cookies and other related technologies (for convenience all technologies are referred to as \u201ccookies\u201d), inserted by third parties that we contract. In the following points we inform you about [&hellip;]<\/p>\n","protected":false},"author":1,"featured_media":0,"parent":0,"menu_order":0,"comment_status":"closed","ping_status":"closed","template":"","meta":{"_et_pb_use_builder":"on","_et_pb_old_content":"","_et_gb_content_width":"","footnotes":""},"class_list":["post-234191","page","type-page","status-publish","hentry"],"yoast_head":"<!-- This site is optimized with the Yoast SEO plugin v23.0 - https:\/\/yoast.com\/wordpress\/plugins\/seo\/ -->\n<title>Cookies Policy - Probing<\/title>\n<meta name=\"robots\" content=\"index, follow, max-snippet:-1, max-image-preview:large, max-video-preview:-1\" \/>\n<link rel=\"canonical\" href=\"https:\/\/probing.introsys.eu\/en\/politica-de-cookies\/\" \/>\n<meta property=\"og:locale\" content=\"en_US\" \/>\n<meta property=\"og:type\" content=\"article\" \/>\n<meta property=\"og:title\" content=\"Cookies Policy - Probing\" \/>\n<meta property=\"og:description\" content=\"Cookies Policy &nbsp; This Cookie Policy was last updated in June 2025 and applies to the website probing.introsys.eu, hereinafter referred to as \u201cthe site\u201d, which uses cookies and other related technologies (for convenience all technologies are referred to as \u201ccookies\u201d), inserted by third parties that we contract. In the following points we inform you about [&hellip;]\" \/>\n<meta property=\"og:url\" content=\"https:\/\/probing.introsys.eu\/en\/politica-de-cookies\/\" \/>\n<meta property=\"og:site_name\" content=\"Probing\" \/>\n<meta property=\"article:modified_time\" content=\"2025-06-02T09:55:54+00:00\" \/>\n<meta name=\"twitter:card\" content=\"summary_large_image\" \/>\n<meta name=\"twitter:label1\" content=\"Est. reading time\" \/>\n\t<meta name=\"twitter:data1\" content=\"5 minutes\" \/>\n<script type=\"application\/ld+json\" class=\"yoast-schema-graph\">{\"@context\":\"https:\/\/schema.org\",\"@graph\":[{\"@type\":\"WebPage\",\"@id\":\"https:\/\/probing.introsys.eu\/en\/politica-de-cookies\/\",\"url\":\"https:\/\/probing.introsys.eu\/en\/politica-de-cookies\/\",\"name\":\"Cookies Policy - Probing\",\"isPartOf\":{\"@id\":\"https:\/\/probing.introsys.eu\/#website\"},\"datePublished\":\"2025-06-02T08:32:02+00:00\",\"dateModified\":\"2025-06-02T09:55:54+00:00\",\"breadcrumb\":{\"@id\":\"https:\/\/probing.introsys.eu\/en\/politica-de-cookies\/#breadcrumb\"},\"inLanguage\":\"en-US\",\"potentialAction\":[{\"@type\":\"ReadAction\",\"target\":[\"https:\/\/probing.introsys.eu\/en\/politica-de-cookies\/\"]}]},{\"@type\":\"BreadcrumbList\",\"@id\":\"https:\/\/probing.introsys.eu\/en\/politica-de-cookies\/#breadcrumb\",\"itemListElement\":[{\"@type\":\"ListItem\",\"position\":1,\"name\":\"In\u00edcio\",\"item\":\"https:\/\/probing.introsys.eu\/\"},{\"@type\":\"ListItem\",\"position\":2,\"name\":\"Cookies Policy\"}]},{\"@type\":\"WebSite\",\"@id\":\"https:\/\/probing.introsys.eu\/#website\",\"url\":\"https:\/\/probing.introsys.eu\/\",\"name\":\"Probing\",\"description\":\"Dete\u00e7\u00e3o de defeitos em juntas brasadas\",\"potentialAction\":[{\"@type\":\"SearchAction\",\"target\":{\"@type\":\"EntryPoint\",\"urlTemplate\":\"https:\/\/probing.introsys.eu\/?s={search_term_string}\"},\"query-input\":\"required name=search_term_string\"}],\"inLanguage\":\"en-US\"}]}<\/script>\n<!-- \/ Yoast SEO plugin. -->","yoast_head_json":{"title":"Cookies Policy - Probing","robots":{"index":"index","follow":"follow","max-snippet":"max-snippet:-1","max-image-preview":"max-image-preview:large","max-video-preview":"max-video-preview:-1"},"canonical":"https:\/\/probing.introsys.eu\/en\/politica-de-cookies\/","og_locale":"en_US","og_type":"article","og_title":"Cookies Policy - Probing","og_description":"Cookies Policy &nbsp; This Cookie Policy was last updated in June 2025 and applies to the website probing.introsys.eu, hereinafter referred to as \u201cthe site\u201d, which uses cookies and other related technologies (for convenience all technologies are referred to as \u201ccookies\u201d), inserted by third parties that we contract. In the following points we inform you about [&hellip;]","og_url":"https:\/\/probing.introsys.eu\/en\/politica-de-cookies\/","og_site_name":"Probing","article_modified_time":"2025-06-02T09:55:54+00:00","twitter_card":"summary_large_image","twitter_misc":{"Est. reading time":"5 minutes"},"schema":{"@context":"https:\/\/schema.org","@graph":[{"@type":"WebPage","@id":"https:\/\/probing.introsys.eu\/en\/politica-de-cookies\/","url":"https:\/\/probing.introsys.eu\/en\/politica-de-cookies\/","name":"Cookies Policy - Probing","isPartOf":{"@id":"https:\/\/probing.introsys.eu\/#website"},"datePublished":"2025-06-02T08:32:02+00:00","dateModified":"2025-06-02T09:55:54+00:00","breadcrumb":{"@id":"https:\/\/probing.introsys.eu\/en\/politica-de-cookies\/#breadcrumb"},"inLanguage":"en-US","potentialAction":[{"@type":"ReadAction","target":["https:\/\/probing.introsys.eu\/en\/politica-de-cookies\/"]}]},{"@type":"BreadcrumbList","@id":"https:\/\/probing.introsys.eu\/en\/politica-de-cookies\/#breadcrumb","itemListElement":[{"@type":"ListItem","position":1,"name":"In\u00edcio","item":"https:\/\/probing.introsys.eu\/"},{"@type":"ListItem","position":2,"name":"Cookies Policy"}]},{"@type":"WebSite","@id":"https:\/\/probing.introsys.eu\/#website","url":"https:\/\/probing.introsys.eu\/","name":"Probing","description":"Dete\u00e7\u00e3o de defeitos em juntas brasadas","potentialAction":[{"@type":"SearchAction","target":{"@type":"EntryPoint","urlTemplate":"https:\/\/probing.introsys.eu\/?s={search_term_string}"},"query-input":"required name=search_term_string"}],"inLanguage":"en-US"}]}},"_links":{"self":[{"href":"https:\/\/probing.introsys.eu\/en\/wp-json\/wp\/v2\/pages\/234191","targetHints":{"allow":["GET"]}}],"collection":[{"href":"https:\/\/probing.introsys.eu\/en\/wp-json\/wp\/v2\/pages"}],"about":[{"href":"https:\/\/probing.introsys.eu\/en\/wp-json\/wp\/v2\/types\/page"}],"author":[{"embeddable":true,"href":"https:\/\/probing.introsys.eu\/en\/wp-json\/wp\/v2\/users\/1"}],"replies":[{"embeddable":true,"href":"https:\/\/probing.introsys.eu\/en\/wp-json\/wp\/v2\/comments?post=234191"}],"version-history":[{"count":6,"href":"https:\/\/probing.introsys.eu\/en\/wp-json\/wp\/v2\/pages\/234191\/revisions"}],"predecessor-version":[{"id":234216,"href":"https:\/\/probing.introsys.eu\/en\/wp-json\/wp\/v2\/pages\/234191\/revisions\/234216"}],"wp:attachment":[{"href":"https:\/\/probing.introsys.eu\/en\/wp-json\/wp\/v2\/media?parent=234191"}],"curies":[{"name":"wp","href":"https:\/\/api.w.org\/{rel}","templated":true}]}}